{"id":12,"date":"2021-10-27T20:11:55","date_gmt":"2021-10-27T16:41:55","guid":{"rendered":"https:\/\/armaghantoos.ir\/es\/?page_id=12"},"modified":"2021-10-27T20:11:56","modified_gmt":"2021-10-27T16:41:56","slug":"contactenos","status":"publish","type":"page","link":"https:\/\/armaghantoos.ir\/es\/contactenos\/","title":{"rendered":"Cont\u00e1ctenos"},"content":{"rendered":"\n<p>Cont\u00e1ctenos<\/p>\n","protected":false},"excerpt":{"rendered":"<p>Cont\u00e1ctenos<\/p>\n","protected":false},"author":1,"featured_media":0,"parent":0,"menu_order":0,"comment_status":"closed","ping_status":"closed","template":"","meta":{"footnotes":""},"class_list":["post-12","page","type-page","status-publish","hentry"],"yoast_head":"<!-- This site is optimized with the Yoast SEO plugin v27.5 - https:\/\/yoast.com\/product\/yoast-seo-wordpress\/ -->\n<title>Cont\u00e1ctenos - armaghan rezvan toos<\/title>\n<meta name=\"robots\" content=\"noindex, nofollow\" \/>\n<meta property=\"og:locale\" content=\"fa_IR\" \/>\n<meta property=\"og:type\" content=\"article\" \/>\n<meta property=\"og:title\" content=\"Cont\u00e1ctenos - armaghan rezvan toos\" \/>\n<meta property=\"og:description\" content=\"Cont\u00e1ctenos\" \/>\n<meta property=\"og:url\" content=\"https:\/\/armaghantoos.ir\/es\/contactenos\/\" \/>\n<meta property=\"og:site_name\" content=\"armaghan rezvan toos\" \/>\n<meta property=\"article:modified_time\" content=\"2021-10-27T16:41:56+00:00\" \/>\n<meta name=\"twitter:card\" content=\"summary_large_image\" \/>\n<meta name=\"twitter:label1\" content=\"\u0632\u0645\u0627\u0646 \u062a\u0642\u0631\u06cc\u0628\u06cc \u0628\u0631\u0627\u06cc \u062e\u0648\u0627\u0646\u062f\u0646\" \/>\n\t<meta name=\"twitter:data1\" content=\"1 \u062f\u0642\u06cc\u0642\u0647\" \/>\n<script type=\"application\/ld+json\" class=\"yoast-schema-graph\">{\"@context\":\"https:\\\/\\\/schema.org\",\"@graph\":[{\"@type\":\"WebPage\",\"@id\":\"https:\\\/\\\/armaghantoos.ir\\\/es\\\/contactenos\\\/\",\"url\":\"https:\\\/\\\/armaghantoos.ir\\\/es\\\/contactenos\\\/\",\"name\":\"Cont\u00e1ctenos - armaghan rezvan toos\",\"isPartOf\":{\"@id\":\"https:\\\/\\\/armaghantoos.ir\\\/es\\\/#website\"},\"datePublished\":\"2021-10-27T16:41:55+00:00\",\"dateModified\":\"2021-10-27T16:41:56+00:00\",\"breadcrumb\":{\"@id\":\"https:\\\/\\\/armaghantoos.ir\\\/es\\\/contactenos\\\/#breadcrumb\"},\"inLanguage\":\"fa-IR\",\"potentialAction\":[{\"@type\":\"ReadAction\",\"target\":[\"https:\\\/\\\/armaghantoos.ir\\\/es\\\/contactenos\\\/\"]}]},{\"@type\":\"BreadcrumbList\",\"@id\":\"https:\\\/\\\/armaghantoos.ir\\\/es\\\/contactenos\\\/#breadcrumb\",\"itemListElement\":[{\"@type\":\"ListItem\",\"position\":1,\"name\":\"\u062e\u0627\u0646\u0647\",\"item\":\"https:\\\/\\\/armaghantoos.ir\\\/es\\\/\"},{\"@type\":\"ListItem\",\"position\":2,\"name\":\"Cont\u00e1ctenos\"}]},{\"@type\":\"WebSite\",\"@id\":\"https:\\\/\\\/armaghantoos.ir\\\/es\\\/#website\",\"url\":\"https:\\\/\\\/armaghantoos.ir\\\/es\\\/\",\"name\":\"armaghan rezvan toos\",\"description\":\"Exportaci\u00f3n de mezcla de caf\u00e9 y azafr\u00e1n iran\u00ed y gelatina en polvo, capuchino y caf\u00e9 \u00e1rabe de Ir\u00e1n a su pa\u00eds\",\"potentialAction\":[{\"@type\":\"SearchAction\",\"target\":{\"@type\":\"EntryPoint\",\"urlTemplate\":\"https:\\\/\\\/armaghantoos.ir\\\/es\\\/?s={search_term_string}\"},\"query-input\":{\"@type\":\"PropertyValueSpecification\",\"valueRequired\":true,\"valueName\":\"search_term_string\"}}],\"inLanguage\":\"fa-IR\"}]}<\/script>\n<!-- \/ Yoast SEO plugin. -->","yoast_head_json":{"title":"Cont\u00e1ctenos - armaghan rezvan toos","robots":{"index":"noindex","follow":"nofollow"},"og_locale":"fa_IR","og_type":"article","og_title":"Cont\u00e1ctenos - armaghan rezvan toos","og_description":"Cont\u00e1ctenos","og_url":"https:\/\/armaghantoos.ir\/es\/contactenos\/","og_site_name":"armaghan rezvan toos","article_modified_time":"2021-10-27T16:41:56+00:00","twitter_card":"summary_large_image","twitter_misc":{"\u0632\u0645\u0627\u0646 \u062a\u0642\u0631\u06cc\u0628\u06cc \u0628\u0631\u0627\u06cc \u062e\u0648\u0627\u0646\u062f\u0646":"1 \u062f\u0642\u06cc\u0642\u0647"},"schema":{"@context":"https:\/\/schema.org","@graph":[{"@type":"WebPage","@id":"https:\/\/armaghantoos.ir\/es\/contactenos\/","url":"https:\/\/armaghantoos.ir\/es\/contactenos\/","name":"Cont\u00e1ctenos - armaghan rezvan toos","isPartOf":{"@id":"https:\/\/armaghantoos.ir\/es\/#website"},"datePublished":"2021-10-27T16:41:55+00:00","dateModified":"2021-10-27T16:41:56+00:00","breadcrumb":{"@id":"https:\/\/armaghantoos.ir\/es\/contactenos\/#breadcrumb"},"inLanguage":"fa-IR","potentialAction":[{"@type":"ReadAction","target":["https:\/\/armaghantoos.ir\/es\/contactenos\/"]}]},{"@type":"BreadcrumbList","@id":"https:\/\/armaghantoos.ir\/es\/contactenos\/#breadcrumb","itemListElement":[{"@type":"ListItem","position":1,"name":"\u062e\u0627\u0646\u0647","item":"https:\/\/armaghantoos.ir\/es\/"},{"@type":"ListItem","position":2,"name":"Cont\u00e1ctenos"}]},{"@type":"WebSite","@id":"https:\/\/armaghantoos.ir\/es\/#website","url":"https:\/\/armaghantoos.ir\/es\/","name":"armaghan rezvan toos","description":"Exportaci\u00f3n de mezcla de caf\u00e9 y azafr\u00e1n iran\u00ed y gelatina en polvo, capuchino y caf\u00e9 \u00e1rabe de Ir\u00e1n a su pa\u00eds","potentialAction":[{"@type":"SearchAction","target":{"@type":"EntryPoint","urlTemplate":"https:\/\/armaghantoos.ir\/es\/?s={search_term_string}"},"query-input":{"@type":"PropertyValueSpecification","valueRequired":true,"valueName":"search_term_string"}}],"inLanguage":"fa-IR"}]}},"_links":{"self":[{"href":"https:\/\/armaghantoos.ir\/es\/wp-json\/wp\/v2\/pages\/12","targetHints":{"allow":["GET"]}}],"collection":[{"href":"https:\/\/armaghantoos.ir\/es\/wp-json\/wp\/v2\/pages"}],"about":[{"href":"https:\/\/armaghantoos.ir\/es\/wp-json\/wp\/v2\/types\/page"}],"author":[{"embeddable":true,"href":"https:\/\/armaghantoos.ir\/es\/wp-json\/wp\/v2\/users\/1"}],"replies":[{"embeddable":true,"href":"https:\/\/armaghantoos.ir\/es\/wp-json\/wp\/v2\/comments?post=12"}],"version-history":[{"count":0,"href":"https:\/\/armaghantoos.ir\/es\/wp-json\/wp\/v2\/pages\/12\/revisions"}],"wp:attachment":[{"href":"https:\/\/armaghantoos.ir\/es\/wp-json\/wp\/v2\/media?parent=12"}],"curies":[{"name":"wp","href":"https:\/\/api.w.org\/{rel}","templated":true}]}}