{"id":14,"date":"2021-10-27T20:13:30","date_gmt":"2021-10-27T16:43:30","guid":{"rendered":"https:\/\/armaghantoos.ir\/es\/?page_id=14"},"modified":"2021-12-23T01:42:17","modified_gmt":"2021-12-22T22:12:17","slug":"polvo-de-gelatina","status":"publish","type":"page","link":"https:\/\/armaghantoos.ir\/es\/polvo-de-gelatina\/","title":{"rendered":"Polvo de gelatina"},"content":{"rendered":"\n<p dir=\"ltr\" style=\"font-size:24px\">Polvo de gelatina envasado en pesos de 50 gy 100 g o en paquetes con el peso deseado personalizado<\/p>\n\n\n\n<p dir=\"ltr\" style=\"font-size:24px\">Exportaci\u00f3n de gelatina en polvo a su pa\u00eds desde Ir\u00e1n<\/p>\n\n\n\n<p dir=\"ltr\" style=\"font-size:24px\">Esta empresa se registr\u00f3 en Ir\u00e1n en 2012 y opera en la industria alimentaria.<\/p>\n\n\n\n<p dir=\"ltr\" style=\"font-size:24px\">Todos los productos de esta empresa est\u00e1n aprobados por el 95% de los consumidores.<\/p>\n\n\n\n<p dir=\"ltr\" style=\"font-size:24px\">El  gelatina de la compa\u00f1\u00eda est\u00e1 elaborado con las mejores materias primas del mundo.<\/p>\n\n\n\n<p dir=\"ltr\" style=\"font-size:24px\">Curr\u00edculum vitae de la empresa, actividad de la empresa, exportaci\u00f3n de la empresa<\/p>\n\n\n\n<p dir=\"ltr\" style=\"font-size:24px\">M\u00e1s de 10 a\u00f1os de consultor\u00eda para montar una l\u00ednea de producci\u00f3n gelatina , bizcocho, mezcla de caf\u00e9, etc.<\/p>\n\n\n\n<p dir=\"ltr\" style=\"font-size:24px\">Consultor\u00eda y puesta en marcha de una l\u00ednea de producci\u00f3n de alimentos.<\/p>\n\n\n\n<p dir=\"ltr\" style=\"font-size:24px\">Proveedor de materias primas para f\u00e1bricas de la industria alimentaria<\/p>\n\n\n\n<p dir=\"ltr\" style=\"font-size:24px\">Tiene una marca de producci\u00f3n<\/p>\n\n\n\n<p dir=\"ltr\" style=\"font-size:24px\">Cont\u00e1ctenos<\/p>\n\n\n\n<p dir=\"ltr\" style=\"font-size:24px\">M\u00f3vil 00989152020183<\/p>\n\n\n\n<p dir=\"ltr\" style=\"font-size:24px\">WhatsApp 00989152020183<\/p>\n\n\n\n<p dir=\"ltr\" style=\"font-size:24px\">Tel\u00e9fono 00985137234606<\/p>\n\n\n\n<div class=\"wp-block-image\"><figure class=\"aligncenter size-full is-resized\"><img loading=\"lazy\" decoding=\"async\" src=\"https:\/\/armaghantoos.ir\/es\/wp-content\/uploads\/2021\/10\/jelly-on-plate-vector-1730465-compressed.jpg\" alt=\"Gelatina en polvo en paquetes de 50 gramos y 100 gramos o por su pedido 00989152020183\" class=\"wp-image-15\" width=\"196\" height=\"133\" srcset=\"https:\/\/armaghantoos.ir\/es\/wp-content\/uploads\/2021\/10\/jelly-on-plate-vector-1730465-compressed.jpg 1000w, https:\/\/armaghantoos.ir\/es\/wp-content\/uploads\/2021\/10\/jelly-on-plate-vector-1730465-compressed-300x204.jpg 300w, https:\/\/armaghantoos.ir\/es\/wp-content\/uploads\/2021\/10\/jelly-on-plate-vector-1730465-compressed-768x521.jpg 768w, https:\/\/armaghantoos.ir\/es\/wp-content\/uploads\/2021\/10\/jelly-on-plate-vector-1730465-compressed-515x350.jpg 515w, https:\/\/armaghantoos.ir\/es\/wp-content\/uploads\/2021\/10\/jelly-on-plate-vector-1730465-compressed-512x350.jpg 512w\" sizes=\"auto, (max-width: 196px) 100vw, 196px\" \/><figcaption>Gelatina en polvo en paquetes de 50 gramos y 100 gramos o por su pedido 00989152020183<\/figcaption><\/figure><\/div>\n","protected":false},"excerpt":{"rendered":"<p>Polvo de gelatina envasado en pesos de 50 gy 100 g o en paquetes con el peso deseado personalizado Exportaci\u00f3n de gelatina en polvo a su pa\u00eds desde Ir\u00e1n Esta empresa se registr\u00f3 en Ir\u00e1n en 2012 y opera en la industria alimentaria. Todos los productos de esta empresa est\u00e1n &hellip;<\/p>\n","protected":false},"author":1,"featured_media":0,"parent":0,"menu_order":0,"comment_status":"closed","ping_status":"closed","template":"","meta":{"footnotes":""},"class_list":["post-14","page","type-page","status-publish","hentry"],"yoast_head":"<!-- This site is optimized with the Yoast SEO plugin v27.5 - https:\/\/yoast.com\/product\/yoast-seo-wordpress\/ -->\n<title>Polvo de gelatina - armaghan rezvan toos<\/title>\n<meta name=\"description\" content=\"Gelatina en polvo en paquetes de 50 gramos y 100 gramos o por su pedido 00989152020183\" \/>\n<meta name=\"robots\" content=\"index, follow, max-snippet:-1, max-image-preview:large, max-video-preview:-1\" \/>\n<link rel=\"canonical\" href=\"https:\/\/armaghantoos.ir\/es\/polvo-de-gelatina\/\" \/>\n<meta property=\"og:locale\" content=\"fa_IR\" \/>\n<meta property=\"og:type\" content=\"article\" \/>\n<meta property=\"og:title\" content=\"Polvo de gelatina - armaghan rezvan toos\" \/>\n<meta property=\"og:description\" content=\"Gelatina en polvo en paquetes de 50 gramos y 100 gramos o por su pedido 00989152020183\" \/>\n<meta property=\"og:url\" content=\"https:\/\/armaghantoos.ir\/es\/polvo-de-gelatina\/\" \/>\n<meta property=\"og:site_name\" content=\"armaghan rezvan toos\" \/>\n<meta property=\"article:modified_time\" content=\"2021-12-22T22:12:17+00:00\" \/>\n<meta property=\"og:image\" content=\"https:\/\/armaghantoos.ir\/es\/wp-content\/uploads\/2021\/10\/jelly-on-plate-vector-1730465-compressed.jpg\" \/>\n<meta name=\"twitter:card\" content=\"summary_large_image\" \/>\n<meta name=\"twitter:label1\" content=\"\u0632\u0645\u0627\u0646 \u062a\u0642\u0631\u06cc\u0628\u06cc \u0628\u0631\u0627\u06cc \u062e\u0648\u0627\u0646\u062f\u0646\" \/>\n\t<meta name=\"twitter:data1\" content=\"2 \u062f\u0642\u06cc\u0642\u0647\" \/>\n<script type=\"application\/ld+json\" class=\"yoast-schema-graph\">{\"@context\":\"https:\\\/\\\/schema.org\",\"@graph\":[{\"@type\":\"WebPage\",\"@id\":\"https:\\\/\\\/armaghantoos.ir\\\/es\\\/polvo-de-gelatina\\\/\",\"url\":\"https:\\\/\\\/armaghantoos.ir\\\/es\\\/polvo-de-gelatina\\\/\",\"name\":\"Polvo de gelatina - armaghan rezvan toos\",\"isPartOf\":{\"@id\":\"https:\\\/\\\/armaghantoos.ir\\\/es\\\/#website\"},\"primaryImageOfPage\":{\"@id\":\"https:\\\/\\\/armaghantoos.ir\\\/es\\\/polvo-de-gelatina\\\/#primaryimage\"},\"image\":{\"@id\":\"https:\\\/\\\/armaghantoos.ir\\\/es\\\/polvo-de-gelatina\\\/#primaryimage\"},\"thumbnailUrl\":\"https:\\\/\\\/armaghantoos.ir\\\/es\\\/wp-content\\\/uploads\\\/2021\\\/10\\\/jelly-on-plate-vector-1730465-compressed.jpg\",\"datePublished\":\"2021-10-27T16:43:30+00:00\",\"dateModified\":\"2021-12-22T22:12:17+00:00\",\"description\":\"Gelatina en polvo en paquetes de 50 gramos y 100 gramos o por su pedido 00989152020183\",\"breadcrumb\":{\"@id\":\"https:\\\/\\\/armaghantoos.ir\\\/es\\\/polvo-de-gelatina\\\/#breadcrumb\"},\"inLanguage\":\"fa-IR\",\"potentialAction\":[{\"@type\":\"ReadAction\",\"target\":[\"https:\\\/\\\/armaghantoos.ir\\\/es\\\/polvo-de-gelatina\\\/\"]}]},{\"@type\":\"ImageObject\",\"inLanguage\":\"fa-IR\",\"@id\":\"https:\\\/\\\/armaghantoos.ir\\\/es\\\/polvo-de-gelatina\\\/#primaryimage\",\"url\":\"https:\\\/\\\/armaghantoos.ir\\\/es\\\/wp-content\\\/uploads\\\/2021\\\/10\\\/jelly-on-plate-vector-1730465-compressed.jpg\",\"contentUrl\":\"https:\\\/\\\/armaghantoos.ir\\\/es\\\/wp-content\\\/uploads\\\/2021\\\/10\\\/jelly-on-plate-vector-1730465-compressed.jpg\",\"width\":1000,\"height\":679,\"caption\":\"Gelatina en polvo en paquetes de 50 gramos y 100 gramos o por su pedido 00989152020183\"},{\"@type\":\"BreadcrumbList\",\"@id\":\"https:\\\/\\\/armaghantoos.ir\\\/es\\\/polvo-de-gelatina\\\/#breadcrumb\",\"itemListElement\":[{\"@type\":\"ListItem\",\"position\":1,\"name\":\"\u062e\u0627\u0646\u0647\",\"item\":\"https:\\\/\\\/armaghantoos.ir\\\/es\\\/\"},{\"@type\":\"ListItem\",\"position\":2,\"name\":\"Polvo de gelatina\"}]},{\"@type\":\"WebSite\",\"@id\":\"https:\\\/\\\/armaghantoos.ir\\\/es\\\/#website\",\"url\":\"https:\\\/\\\/armaghantoos.ir\\\/es\\\/\",\"name\":\"armaghan rezvan toos\",\"description\":\"Exportaci\u00f3n de mezcla de caf\u00e9 y azafr\u00e1n iran\u00ed y gelatina en polvo, capuchino y caf\u00e9 \u00e1rabe de Ir\u00e1n a su pa\u00eds\",\"potentialAction\":[{\"@type\":\"SearchAction\",\"target\":{\"@type\":\"EntryPoint\",\"urlTemplate\":\"https:\\\/\\\/armaghantoos.ir\\\/es\\\/?s={search_term_string}\"},\"query-input\":{\"@type\":\"PropertyValueSpecification\",\"valueRequired\":true,\"valueName\":\"search_term_string\"}}],\"inLanguage\":\"fa-IR\"}]}<\/script>\n<!-- \/ Yoast SEO plugin. -->","yoast_head_json":{"title":"Polvo de gelatina - armaghan rezvan toos","description":"Gelatina en polvo en paquetes de 50 gramos y 100 gramos o por su pedido 00989152020183","robots":{"index":"index","follow":"follow","max-snippet":"max-snippet:-1","max-image-preview":"max-image-preview:large","max-video-preview":"max-video-preview:-1"},"canonical":"https:\/\/armaghantoos.ir\/es\/polvo-de-gelatina\/","og_locale":"fa_IR","og_type":"article","og_title":"Polvo de gelatina - armaghan rezvan toos","og_description":"Gelatina en polvo en paquetes de 50 gramos y 100 gramos o por su pedido 00989152020183","og_url":"https:\/\/armaghantoos.ir\/es\/polvo-de-gelatina\/","og_site_name":"armaghan rezvan toos","article_modified_time":"2021-12-22T22:12:17+00:00","og_image":[{"url":"https:\/\/armaghantoos.ir\/es\/wp-content\/uploads\/2021\/10\/jelly-on-plate-vector-1730465-compressed.jpg","type":"","width":"","height":""}],"twitter_card":"summary_large_image","twitter_misc":{"\u0632\u0645\u0627\u0646 \u062a\u0642\u0631\u06cc\u0628\u06cc \u0628\u0631\u0627\u06cc \u062e\u0648\u0627\u0646\u062f\u0646":"2 \u062f\u0642\u06cc\u0642\u0647"},"schema":{"@context":"https:\/\/schema.org","@graph":[{"@type":"WebPage","@id":"https:\/\/armaghantoos.ir\/es\/polvo-de-gelatina\/","url":"https:\/\/armaghantoos.ir\/es\/polvo-de-gelatina\/","name":"Polvo de gelatina - armaghan rezvan toos","isPartOf":{"@id":"https:\/\/armaghantoos.ir\/es\/#website"},"primaryImageOfPage":{"@id":"https:\/\/armaghantoos.ir\/es\/polvo-de-gelatina\/#primaryimage"},"image":{"@id":"https:\/\/armaghantoos.ir\/es\/polvo-de-gelatina\/#primaryimage"},"thumbnailUrl":"https:\/\/armaghantoos.ir\/es\/wp-content\/uploads\/2021\/10\/jelly-on-plate-vector-1730465-compressed.jpg","datePublished":"2021-10-27T16:43:30+00:00","dateModified":"2021-12-22T22:12:17+00:00","description":"Gelatina en polvo en paquetes de 50 gramos y 100 gramos o por su pedido 00989152020183","breadcrumb":{"@id":"https:\/\/armaghantoos.ir\/es\/polvo-de-gelatina\/#breadcrumb"},"inLanguage":"fa-IR","potentialAction":[{"@type":"ReadAction","target":["https:\/\/armaghantoos.ir\/es\/polvo-de-gelatina\/"]}]},{"@type":"ImageObject","inLanguage":"fa-IR","@id":"https:\/\/armaghantoos.ir\/es\/polvo-de-gelatina\/#primaryimage","url":"https:\/\/armaghantoos.ir\/es\/wp-content\/uploads\/2021\/10\/jelly-on-plate-vector-1730465-compressed.jpg","contentUrl":"https:\/\/armaghantoos.ir\/es\/wp-content\/uploads\/2021\/10\/jelly-on-plate-vector-1730465-compressed.jpg","width":1000,"height":679,"caption":"Gelatina en polvo en paquetes de 50 gramos y 100 gramos o por su pedido 00989152020183"},{"@type":"BreadcrumbList","@id":"https:\/\/armaghantoos.ir\/es\/polvo-de-gelatina\/#breadcrumb","itemListElement":[{"@type":"ListItem","position":1,"name":"\u062e\u0627\u0646\u0647","item":"https:\/\/armaghantoos.ir\/es\/"},{"@type":"ListItem","position":2,"name":"Polvo de gelatina"}]},{"@type":"WebSite","@id":"https:\/\/armaghantoos.ir\/es\/#website","url":"https:\/\/armaghantoos.ir\/es\/","name":"armaghan rezvan toos","description":"Exportaci\u00f3n de mezcla de caf\u00e9 y azafr\u00e1n iran\u00ed y gelatina en polvo, capuchino y caf\u00e9 \u00e1rabe de Ir\u00e1n a su pa\u00eds","potentialAction":[{"@type":"SearchAction","target":{"@type":"EntryPoint","urlTemplate":"https:\/\/armaghantoos.ir\/es\/?s={search_term_string}"},"query-input":{"@type":"PropertyValueSpecification","valueRequired":true,"valueName":"search_term_string"}}],"inLanguage":"fa-IR"}]}},"_links":{"self":[{"href":"https:\/\/armaghantoos.ir\/es\/wp-json\/wp\/v2\/pages\/14","targetHints":{"allow":["GET"]}}],"collection":[{"href":"https:\/\/armaghantoos.ir\/es\/wp-json\/wp\/v2\/pages"}],"about":[{"href":"https:\/\/armaghantoos.ir\/es\/wp-json\/wp\/v2\/types\/page"}],"author":[{"embeddable":true,"href":"https:\/\/armaghantoos.ir\/es\/wp-json\/wp\/v2\/users\/1"}],"replies":[{"embeddable":true,"href":"https:\/\/armaghantoos.ir\/es\/wp-json\/wp\/v2\/comments?post=14"}],"version-history":[{"count":0,"href":"https:\/\/armaghantoos.ir\/es\/wp-json\/wp\/v2\/pages\/14\/revisions"}],"wp:attachment":[{"href":"https:\/\/armaghantoos.ir\/es\/wp-json\/wp\/v2\/media?parent=14"}],"curies":[{"name":"wp","href":"https:\/\/api.w.org\/{rel}","templated":true}]}}